{"id":751,"date":"2022-07-24T11:50:43","date_gmt":"2022-07-24T11:50:43","guid":{"rendered":"https:\/\/startersites.io\/elementor\/home-decor\/?page_id=751"},"modified":"2026-03-10T01:30:38","modified_gmt":"2026-03-10T00:30:38","slug":"services","status":"publish","type":"page","link":"https:\/\/kyrosix.com\/?page_id=751","title":{"rendered":"Services"},"content":{"rendered":"\t\t<div data-elementor-type=\"wp-page\" data-elementor-id=\"751\" class=\"elementor elementor-751\">\n\t\t\t\t<div class=\"elementor-element elementor-element-dc8a920 e-flex e-con-boxed e-con e-parent\" data-id=\"dc8a920\" data-element_type=\"container\" data-e-type=\"container\" data-settings=\"{&quot;background_background&quot;:&quot;classic&quot;}\">\n\t\t\t\t\t<div class=\"e-con-inner\">\n\t\t\t\t<div class=\"elementor-element elementor-element-79b811c elementor-widget elementor-widget-heading\" data-id=\"79b811c\" data-element_type=\"widget\" data-e-type=\"widget\" data-widget_type=\"heading.default\">\n\t\t\t\t\t<h2 class=\"elementor-heading-title elementor-size-default\">Nos services d\u00e9di\u00e9s aux professionnels<\/h2>\t\t\t\t<\/div>\n\t\t\t\t\t<\/div>\n\t\t\t\t<\/div>\n\t\t<div class=\"elementor-element elementor-element-a57306c e-flex e-con-boxed e-con e-parent\" data-id=\"a57306c\" data-element_type=\"container\" data-e-type=\"container\">\n\t\t\t\t\t<div class=\"e-con-inner\">\n\t\t\t\t<div class=\"elementor-element elementor-element-34bab49 elementor-view-framed elementor-shape-square elementor-widget__width-initial elementor-widget-mobile__width-inherit ct-iconbox elementor-position-block-start elementor-mobile-position-block-start elementor-widget elementor-widget-icon-box\" data-id=\"34bab49\" data-element_type=\"widget\" data-e-type=\"widget\" data-widget_type=\"icon-box.default\">\n\t\t\t\t\t\t\t<div class=\"elementor-icon-box-wrapper\">\n\n\t\t\t\t\t\t<div class=\"elementor-icon-box-icon\">\n\t\t\t\t<span  class=\"elementor-icon\">\n\t\t\t\t<svg xmlns=\"http:\/\/www.w3.org\/2000\/svg\" viewBox=\"0 0 60 60\"><path d=\"M56.7 8.5c-3.7-.1-6.2-.2-9.7.3-3.3.5-6.6 1.7-10 2.7l-.6-1.5-2.2-6.3c-.7-1.8-1.7-3.7-4-3.7-2.5 0-3.4 1.9-4.2 3.8l-1.7 4.6-2.4 7.9A42 42 0 0 0 2.5 13c-.8.1-2 .4-2.2 1.4 0 1.5 1 2.3 1.8 2.7 2 .9 4.3 1.3 6.3 2.2 3.9 1.7 7.2 4.3 9.7 8.5H9.4c-1.4 0-2.7.5-2.7 2 0 .8 1.2 1.6 1.8 2.4.5.6 1.2 1 1.5 1.6a2311 2311 0 0 1 9.2 23.7c.7 1.8 1.7 2.5 3.7 2.5h14.8c2 0 3-.7 3.6-2.5C44 49.7 47 42 50 34.3c.4-1.1.6-2.1 2.2-2.4 1.7-.4 2.1-2.3.8-3.3a5 5 0 0 0-2.7-.8h-9.9c-.3-4.5 1.6-7.6 4.8-10.1a24 24 0 0 1 12.3-4.8c.9-.1 2.3-.7 2.1-2.3-.3-1.8-2.2-2.1-2.9-2.1zm-30.2 7.8a334 334 0 0 0 3.2-10.7c.2-.5.6-.5.8 0l2.6 8.1c.1.3-.1.9-.4 1.1l-4.6 5.1c-1.9-.5-2.2-1.8-1.6-3.6zm-9.6 2.6c4.8 1.2 8.7 4.2 12.1 8.8h-5c-.5 0-1.1-.4-1.4-.8-2-2.6-3.9-5.4-5.7-8zm29.3 13.4-1.6 4.1-6.7 17.5c-.5 1.2-1 1.8-2.4 1.8l-11-.1c-.7 0-1.8-.6-2-1.2l-8.2-21.2-.2-.9h32.1zm-9.9-4.5h-2.9c-.6-1.6-2.7-3.3-1.2-5.6 2.3-3.6 5.4-6 9.4-7.4a16.2 16.2 0 0 0-5.3 13z\"><\/path><\/svg>\t\t\t\t<\/span>\n\t\t\t<\/div>\n\t\t\t\n\t\t\t\t\t\t<div class=\"elementor-icon-box-content\">\n\n\t\t\t\t\t\t\t\t\t<h4 class=\"elementor-icon-box-title\">\n\t\t\t\t\t\t<span  >\n\t\t\t\t\t\t\tConseil personnalis\u00e9\t\t\t\t\t\t<\/span>\n\t\t\t\t\t<\/h4>\n\t\t\t\t\n\t\t\t\t\t\t\t\t\t<p class=\"elementor-icon-box-description\">\n\t\t\t\t\t\tNous vous aidons \u00e0 choisir les produits les plus adapt\u00e9s \u00e0 votre activit\u00e9 et \u00e0 vos contraintes professionnelles.\t\t\t\t\t<\/p>\n\t\t\t\t\n\t\t\t<\/div>\n\t\t\t\n\t\t<\/div>\n\t\t\t\t\t\t<\/div>\n\t\t\t\t<div class=\"elementor-element elementor-element-9621b93 elementor-view-framed elementor-shape-square elementor-widget__width-initial elementor-widget-mobile__width-inherit ct-iconbox elementor-position-block-start elementor-mobile-position-block-start elementor-widget elementor-widget-icon-box\" data-id=\"9621b93\" data-element_type=\"widget\" data-e-type=\"widget\" data-widget_type=\"icon-box.default\">\n\t\t\t\t\t\t\t<div class=\"elementor-icon-box-wrapper\">\n\n\t\t\t\t\t\t<div class=\"elementor-icon-box-icon\">\n\t\t\t\t<span  class=\"elementor-icon\">\n\t\t\t\t<svg xmlns=\"http:\/\/www.w3.org\/2000\/svg\" viewBox=\"0 0 60 60\"><path d=\"M24.4 55.8V36.5h-3.6v5.3c0 .5.7.9 1 1.4.4.8 1.1 1.7.9 2.3-.3.7-1.2 1.5-2 1.7a9 9 0 0 1-4 0c-.9-.2-1.9-1-2.2-1.8-.2-.5.5-1.3 1-2.2.3-.5.8-1.1.9-1.6v-5.2h-5.5c-2 0-2.7-1-2.3-3l6.1-30.5C15.2.8 16 0 18.1 0H42c2 0 2.9.8 3.2 2.7l6.1 30.6c.4 2.1-.3 3.1-2.4 3.1H35.6v19.4h9.1c1.3 0 2.4.7 2.5 2.2 0 1.4-1.7 1.9-2.4 2L15 59.9c-.7 0-2-1.2-2.1-2-.2-1.3.9-2.1 2.3-2.1h9.2zm22.1-23.7c0-.4.1-.6 0-.8l-5.2-26c-.1-.4-1-.9-1.5-.9H20.2c-.5 0-1.4.8-1.5 1.3l-3.6 17.7-1.7 8.7h33.1zM31 55.7V36.5h-2v19.2h2z\"><\/path><\/svg>\t\t\t\t<\/span>\n\t\t\t<\/div>\n\t\t\t\n\t\t\t\t\t\t<div class=\"elementor-icon-box-content\">\n\n\t\t\t\t\t\t\t\t\t<h4 class=\"elementor-icon-box-title\">\n\t\t\t\t\t\t<span  >\n\t\t\t\t\t\t\tFourniture de produits en gros\t\t\t\t\t\t<\/span>\n\t\t\t\t\t<\/h4>\n\t\t\t\t\n\t\t\t\t\t\t\t\t\t<p class=\"elementor-icon-box-description\">\n\t\t\t\t\t\tEmballages et fournitures textiles destin\u00e9s aux professionnels, disponibles en grandes quantit\u00e9s et adapt\u00e9s \u00e0 un usage commercial.\t\t\t\t\t<\/p>\n\t\t\t\t\n\t\t\t<\/div>\n\t\t\t\n\t\t<\/div>\n\t\t\t\t\t\t<\/div>\n\t\t\t\t\t<\/div>\n\t\t\t\t<\/div>\n\t\t<div class=\"elementor-element elementor-element-846063e e-flex e-con-boxed e-con e-parent\" data-id=\"846063e\" data-element_type=\"container\" data-e-type=\"container\">\n\t\t\t\t\t<div class=\"e-con-inner\">\n\t\t\t\t<div class=\"elementor-element elementor-element-86ab086 elementor-view-framed elementor-shape-square elementor-widget__width-initial elementor-widget-mobile__width-inherit ct-iconbox elementor-position-block-start elementor-mobile-position-block-start elementor-widget elementor-widget-icon-box\" data-id=\"86ab086\" data-element_type=\"widget\" data-e-type=\"widget\" data-widget_type=\"icon-box.default\">\n\t\t\t\t\t\t\t<div class=\"elementor-icon-box-wrapper\">\n\n\t\t\t\t\t\t<div class=\"elementor-icon-box-icon\">\n\t\t\t\t<span  class=\"elementor-icon\">\n\t\t\t\t<svg xmlns=\"http:\/\/www.w3.org\/2000\/svg\" viewBox=\"0 0 60 60\"><path d=\"M14.4 14.6c-.6-.6-1.2-1.1-1.5-1.7-.3-.7-.7-1.8-.3-2.2C14.8 8 17 5.2 20.8 4.9c2.6-.2 4.8.8 6.6 2.6l7.2 7.4L44.8 3C48-.6 53.1-1 56.7 2a8.6 8.6 0 0 1 .2 13.3C53.1 18.7 49.1 22 45 25.5l7.1 6.9c4 4 4 8.5 0 12.6l-.6.6c-2 2-4.1 2.1-6.3.2L33.9 57.3C30 61 25.4 60.9 21.5 57c-1.5-1.5-1.8-3.2-1.2-5.2.5-1.6 1-3.2 1.2-5.1l-2.7 2c-2.1 1.6-4.1 1.5-6-.4L2.6 38a8 8 0 0 1 .1-11.7l11.7-11.7zm27.9 28.5L17 17.7c-3.9 3.9-8.1 7.9-12 12-1.3 1.4-1.4 3.4-.2 4.7 3.6 3.9 7.5 7.5 11.3 11.3 2.1-1.6 4-3.3 6.2-4.5.9-.5 2.6-.6 3.3 0 .8.6 1.3 2.2 1.1 3.3-.5 2.5-1.4 5-2.2 7.4-.6 2 .3 3.7 2.4 3.8 1.2.1 2.8-.3 3.7-1.1 4-3.7 7.9-7.7 11.7-11.5zm6.1-.4c3.3-2.7 3.5-5 .6-7.8-8-8-16.1-16-24-24.1-2.6-2.7-6.3-2.2-7.7.8l31.1 31.1zm-6-20.3 12.1-10.3c1.6-1.4 1.9-3.3 1.1-5.2-.8-2-2.4-3-4.6-2.7-.9.1-2 .4-2.6 1L37.6 17.6l4.8 4.8z\"><\/path><\/svg>\t\t\t\t<\/span>\n\t\t\t<\/div>\n\t\t\t\n\t\t\t\t\t\t<div class=\"elementor-icon-box-content\">\n\n\t\t\t\t\t\t\t\t\t<h4 class=\"elementor-icon-box-title\">\n\t\t\t\t\t\t<span  >\n\t\t\t\t\t\t\tDevis personnalis\u00e9s\t\t\t\t\t\t<\/span>\n\t\t\t\t\t<\/h4>\n\t\t\t\t\n\t\t\t\t\t\t\t\t\t<p class=\"elementor-icon-box-description\">\n\t\t\t\t\t\tChaque demande fait l\u2019objet d\u2019un devis adapt\u00e9 \u00e0 vos volumes et \u00e0 vos besoins sp\u00e9cifiques.\t\t\t\t\t<\/p>\n\t\t\t\t\n\t\t\t<\/div>\n\t\t\t\n\t\t<\/div>\n\t\t\t\t\t\t<\/div>\n\t\t\t\t<div class=\"elementor-element elementor-element-8d2cb43 elementor-view-framed elementor-shape-square elementor-widget__width-initial elementor-widget-mobile__width-inherit ct-iconbox elementor-position-block-start elementor-mobile-position-block-start elementor-widget elementor-widget-icon-box\" data-id=\"8d2cb43\" data-element_type=\"widget\" data-e-type=\"widget\" data-widget_type=\"icon-box.default\">\n\t\t\t\t\t\t\t<div class=\"elementor-icon-box-wrapper\">\n\n\t\t\t\t\t\t<div class=\"elementor-icon-box-icon\">\n\t\t\t\t<span  class=\"elementor-icon\">\n\t\t\t\t<svg xmlns=\"http:\/\/www.w3.org\/2000\/svg\" viewBox=\"0 0 60 60\"><path d=\"M60 45.4h-3.3l-.2 2.8h-3.3l-.2-2.7H7.2l-.3 2.6H3.6l-.2-2.7H.2L0 43.7V28.9c0-2.4.7-4.2 2.8-5.5.4-.2.6-.8.7-1.3v-3c.1-4.2 2.7-7.2 6.9-7.2l14.2-.1c1.7 0 4 0 5.4 1.8 1.8-1.9 4.1-1.7 7.1-1.8h11.8c4.9 0 7.6 2.8 7.6 7.7v2.1c-.1 1 .3 1.6 1.1 2.3 1 .8 2.2 2.2 2.2 3.4.3 5.9.2 11.9.2 18.1zM7 35.9v-7.2c0-1.3-.3-2.3-1.8-2.3-1.4 0-1.8 1.1-1.7 2.4v12.8h53V29c0-1.3-.2-2.5-1.8-2.5S53 27.8 53 29v6.9H7zm24.8-3.7h17.6v-2.3c-.1-2.7.4-5.1 3.1-6.5.3-.1.5-.6.5-.8 0-1.4.1-2.9-.1-4.3-.3-1.7-1.4-2.8-3.2-2.8H35a3 3 0 0 0-3.1 3.1l-.1 13.6zm-21.2 0h17.6V18.6c0-2-1.4-3.2-3.6-3.2H11c-1.5 0-3.1.3-3.5 1.9-.4 1.9-.3 3.9-.3 5.9l.6.4c2.1 1.2 2.9 3.1 2.8 5.5v3.1z\"><\/path><\/svg>\t\t\t\t<\/span>\n\t\t\t<\/div>\n\t\t\t\n\t\t\t\t\t\t<div class=\"elementor-icon-box-content\">\n\n\t\t\t\t\t\t\t\t\t<h4 class=\"elementor-icon-box-title\">\n\t\t\t\t\t\t<span  >\n\t\t\t\t\t\t\tLogistique professionnelle\t\t\t\t\t\t<\/span>\n\t\t\t\t\t<\/h4>\n\t\t\t\t\n\t\t\t\t\t\t\t\t\t<p class=\"elementor-icon-box-description\">\n\t\t\t\t\t\tSuivi clair des commandes et communication transparente \u00e0 chaque \u00e9tape.\t\t\t\t\t<\/p>\n\t\t\t\t\n\t\t\t<\/div>\n\t\t\t\n\t\t<\/div>\n\t\t\t\t\t\t<\/div>\n\t\t\t\t\t<\/div>\n\t\t\t\t<\/div>\n\t\t<div class=\"elementor-element elementor-element-2c01145 e-flex e-con-boxed e-con e-parent\" data-id=\"2c01145\" data-element_type=\"container\" data-e-type=\"container\">\n\t\t\t\t\t<div class=\"e-con-inner\">\n\t\t<div class=\"elementor-element elementor-element-577369b e-con-full e-flex e-con e-child\" data-id=\"577369b\" data-element_type=\"container\" data-e-type=\"container\">\n\t\t\t\t<div class=\"elementor-element elementor-element-7825e20 elementor-widget elementor-widget-heading\" data-id=\"7825e20\" data-element_type=\"widget\" data-e-type=\"widget\" data-widget_type=\"heading.default\">\n\t\t\t\t\t<h2 class=\"elementor-heading-title elementor-size-default\">Besoin d\u2019un fournisseur professionnel ?<\/h2>\t\t\t\t<\/div>\n\t\t\t\t<div class=\"elementor-element elementor-element-3920955 elementor-widget elementor-widget-text-editor\" data-id=\"3920955\" data-element_type=\"widget\" data-e-type=\"widget\" data-widget_type=\"text-editor.default\">\n\t\t\t\t\t\t\t\t\t<p data-start=\"1403\" data-end=\"1482\">Un interlocuteur unique et une relation bas\u00e9e sur la confiance et la fiabilit\u00e9<\/p>\t\t\t\t\t\t\t\t<\/div>\n\t\t\t\t<div class=\"elementor-element elementor-element-40250f4 elementor-mobile-align-center elementor-align-center elementor-widget elementor-widget-button\" data-id=\"40250f4\" data-element_type=\"widget\" data-e-type=\"widget\" data-widget_type=\"button.default\">\n\t\t\t\t\t\t\t\t\t\t<a class=\"elementor-button elementor-button-link elementor-size-md\" href=\"tel:+32475650402\">\n\t\t\t\t\t\t<span class=\"elementor-button-content-wrapper\">\n\t\t\t\t\t\t\t\t\t<span class=\"elementor-button-text\">appellez-nous<\/span>\n\t\t\t\t\t<\/span>\n\t\t\t\t\t<\/a>\n\t\t\t\t\t\t\t\t<\/div>\n\t\t\t\t<\/div>\n\t\t\t\t\t<\/div>\n\t\t\t\t<\/div>\n\t\t<div class=\"elementor-element elementor-element-00bae86 e-flex e-con-boxed e-con e-parent\" data-id=\"00bae86\" data-element_type=\"container\" data-e-type=\"container\" data-settings=\"{&quot;background_background&quot;:&quot;classic&quot;}\">\n\t\t\t\t\t<div class=\"e-con-inner\">\n\t\t\t\t\t<\/div>\n\t\t\t\t<\/div>\n\t\t<div class=\"elementor-element elementor-element-fbbd6cb e-flex e-con-boxed e-con e-parent\" data-id=\"fbbd6cb\" data-element_type=\"container\" data-e-type=\"container\">\n\t\t\t\t\t<div class=\"e-con-inner\">\n\t\t<div class=\"elementor-element elementor-element-bfd6703 e-con-full e-flex e-con e-child\" data-id=\"bfd6703\" data-element_type=\"container\" data-e-type=\"container\">\n\t\t\t\t<div class=\"elementor-element elementor-element-b2ebc59 elementor-widget elementor-widget-heading\" data-id=\"b2ebc59\" data-element_type=\"widget\" data-e-type=\"widget\" data-widget_type=\"heading.default\">\n\t\t\t\t\t<h2 class=\"elementor-heading-title elementor-size-default\">Besoin d'un devis ?<\/h2>\t\t\t\t<\/div>\n\t\t\t\t<div class=\"elementor-element elementor-element-8e3f3fd elementor-widget elementor-widget-text-editor\" data-id=\"8e3f3fd\" data-element_type=\"widget\" data-e-type=\"widget\" data-widget_type=\"text-editor.default\">\n\t\t\t\t\t\t\t\t\t<p data-start=\"444\" data-end=\"547\">Ajoutez les produits souhait\u00e9s au panier, puis remplissez le formulaire afin d\u2019envoyer votre demande de devis.<\/p>\t\t\t\t\t\t\t\t<\/div>\n\t\t\t\t<div class=\"elementor-element elementor-element-a9058a5 elementor-mobile-align-center elementor-align-center elementor-widget elementor-widget-button\" data-id=\"a9058a5\" data-element_type=\"widget\" data-e-type=\"widget\" data-widget_type=\"button.default\">\n\t\t\t\t\t\t\t\t\t\t<a class=\"elementor-button elementor-button-link elementor-size-md\" href=\"https:\/\/kyrosix.com\/?post_type=product\">\n\t\t\t\t\t\t<span class=\"elementor-button-content-wrapper\">\n\t\t\t\t\t\t\t\t\t<span class=\"elementor-button-text\">Demander un devis<\/span>\n\t\t\t\t\t<\/span>\n\t\t\t\t\t<\/a>\n\t\t\t\t\t\t\t\t<\/div>\n\t\t\t\t<\/div>\n\t\t\t\t\t<\/div>\n\t\t\t\t<\/div>\n\t\t\t\t<\/div>\n\t\t","protected":false},"excerpt":{"rendered":"<p>Nos services d\u00e9di\u00e9s aux professionnels Conseil personnalis\u00e9 Nous vous aidons \u00e0 choisir les produits les plus adapt\u00e9s \u00e0 votre activit\u00e9 et \u00e0 vos contraintes professionnelles. Fourniture de produits en gros Emballages et fournitures textiles destin\u00e9s aux professionnels, disponibles en grandes quantit\u00e9s et adapt\u00e9s \u00e0 un usage commercial. Devis personnalis\u00e9s Chaque demande fait l\u2019objet d\u2019un devis [&hellip;]<\/p>\n","protected":false},"author":1,"featured_media":0,"parent":0,"menu_order":0,"comment_status":"closed","ping_status":"closed","template":"","meta":{"footnotes":""},"class_list":["post-751","page","type-page","status-publish","hentry"],"blocksy_meta":{"page_title_panel":"","has_hero_section":"disabled","c3f5608c31bb454989a35010dd274655":"","hero_section":"type-1","hero_elements":[{"id":"custom_title","enabled":true,"heading_tag":"h1","title":"Home"},{"id":"custom_description","enabled":true,"description_visibility":{"desktop":true,"tablet":true,"mobile":false}},{"id":"custom_meta","enabled":false,"meta_elements":[{"id":"author","enabled":true,"label":"By","has_author_avatar":"yes","avatar_size":25},{"id":"post_date","enabled":true,"label":"On","date_format_source":"default","date_format":"M j, Y"},{"id":"updated_date","enabled":false,"label":"On","date_format_source":"default","date_format":"M j, Y"},{"id":"categories","enabled":false,"label":"In","style":"simple"},{"id":"comments","enabled":true}],"page_meta_elements":{"joined":true,"articles_count":true,"comments":true}},{"id":"breadcrumbs","enabled":false}],"f8ede913dddf37a4708876f17883ef1f":"","hero_alignment1":"CT_CSS_SKIP_RULE","hero_margin":40,"hero_alignment2":"center","hero_vertical_alignment":"center","16c7e66959b0a688599a416aec197054":"","hero_structure":"narrow","103808374dff3bf8fb63c1421d18ecde":"","page_title_bg_type":"featured_image","custom_hero_background":{"attachment_id":null},"page_title_image_size":"full","parallax":{"desktop":false,"tablet":false,"mobile":false},"6665718ea6e4e50c52d5bb906463455f":"","hero_height":"250px","pageTitleFont":{"family":"Default","variation":"Default","size":"30px","line-height":"CT_CSS_SKIP_RULE","letter-spacing":"CT_CSS_SKIP_RULE","text-transform":"CT_CSS_SKIP_RULE","text-decoration":"CT_CSS_SKIP_RULE"},"pageTitleFontColor":{"default":{"color":"CT_CSS_SKIP_RULEDEFAULT"}},"pageMetaFont":{"family":"Default","variation":"n6","size":"12px","line-height":"1.3","letter-spacing":"CT_CSS_SKIP_RULE","text-transform":"uppercase","text-decoration":"CT_CSS_SKIP_RULE"},"pageMetaFontColor":{"default":{"color":"CT_CSS_SKIP_RULEDEFAULT"},"hover":{"color":"CT_CSS_SKIP_RULEDEFAULT"}},"page_meta_button_type_font_colors":{"default":{"color":"CT_CSS_SKIP_RULEDEFAULT"},"hover":{"color":"CT_CSS_SKIP_RULEDEFAULT"}},"page_meta_button_type_background_colors":{"default":{"color":"CT_CSS_SKIP_RULEDEFAULT"},"hover":{"color":"CT_CSS_SKIP_RULEDEFAULT"}},"pageExcerptFont":{"family":"Default","variation":"Default","size":"CT_CSS_SKIP_RULE","line-height":"CT_CSS_SKIP_RULE","letter-spacing":"CT_CSS_SKIP_RULE","text-transform":"CT_CSS_SKIP_RULE","text-decoration":"CT_CSS_SKIP_RULE"},"pageExcerptColor":{"default":{"color":"CT_CSS_SKIP_RULEDEFAULT"}},"breadcrumbsFont":{"family":"Default","variation":"Default","size":"CT_CSS_SKIP_RULE","line-height":"CT_CSS_SKIP_RULE","letter-spacing":"CT_CSS_SKIP_RULE","text-transform":"CT_CSS_SKIP_RULE","text-decoration":"CT_CSS_SKIP_RULE"},"breadcrumbsFontColor":{"default":{"color":"CT_CSS_SKIP_RULEDEFAULT"},"initial":{"color":"CT_CSS_SKIP_RULEDEFAULT"},"hover":{"color":"CT_CSS_SKIP_RULEDEFAULT"}},"pageTitleOverlay":{"background_type":"color","background_pattern":"type-1","background_image":{"attachment_id":null,"x":0,"y":0},"gradient":"linear-gradient(135deg,rgba(6,147,227,1) 0%,rgb(155,81,224) 100%)","background_repeat":"repeat","background_size":"auto","background_attachment":"scroll","patternColor":{"default":{"color":"#e5e7ea"}},"overlayColor":{"default":{"color":"CT_CSS_SKIP_RULE"}},"backgroundColor":{"default":{"color":"CT_CSS_SKIP_RULE"}}},"pageTitleBackground":{"background_type":"color","background_pattern":"type-1","background_image":{"attachment_id":null,"x":0,"y":0},"gradient":"linear-gradient(135deg,rgba(6,147,227,1) 0%,rgb(155,81,224) 100%)","background_repeat":"repeat","background_size":"auto","background_attachment":"scroll","patternColor":{"default":{"color":"#e5e7ea"}},"overlayColor":{"default":{"color":"CT_CSS_SKIP_RULE"}},"backgroundColor":{"default":{"color":"var(--theme-palette-color-6)"}}},"pageTitlePadding":{"top":"50px","bottom":"50px","left":"auto","right":"auto","linked":true},"342e8b12d12aadecfb9fde792c3f0397":"","page_structure_type":"default","bcc398ed00bae44ea49d54b27f6179b2":"","content_style_source":"inherit","content_style":"wide","vertical_spacing_source":"custom","content_area_spacing":"none","background":{"background_type":"color","background_pattern":"type-1","background_image":{"attachment_id":null,"x":0,"y":0},"gradient":"linear-gradient(135deg,rgba(6,147,227,1) 0%,rgb(155,81,224) 100%)","background_repeat":"repeat","background_size":"auto","background_attachment":"scroll","patternColor":{"default":{"color":"#e5e7ea"}},"overlayColor":{"default":{"color":"CT_CSS_SKIP_RULE"}},"backgroundColor":{"default":{"color":"CT_CSS_SKIP_RULE"}}},"content_background":{"background_type":"color","background_pattern":"type-1","background_image":{"attachment_id":null,"x":0,"y":0},"gradient":"linear-gradient(135deg,rgba(6,147,227,1) 0%,rgb(155,81,224) 100%)","background_repeat":"repeat","background_size":"auto","background_attachment":"scroll","patternColor":{"default":{"color":"#e5e7ea"}},"overlayColor":{"default":{"color":"CT_CSS_SKIP_RULE"}},"backgroundColor":{"default":{"color":"var(--theme-palette-color-8)"}}},"content_boxed_shadow":{"inherit":false,"blur":18,"spread":-6,"v_offset":12,"h_offset":0,"inset":false,"enable":true,"color":{"color":"rgba(34, 56, 101, 0.04)"}},"content_boxed_border":{"width":1,"style":"none","color":{"color":"rgba(44,62,80,0.2)"}},"content_boxed_radius":{"top":"3px","bottom":"3px","left":"3px","right":"3px","linked":true},"boxed_content_spacing":{"desktop":{"top":"40px","bottom":"40px","left":"40px","right":"40px","linked":true},"tablet":{"top":"35px","bottom":"35px","left":"35px","right":"35px","linked":true},"mobile":{"top":"20px","bottom":"20px","left":"20px","right":"20px","linked":true}},"d6360bce5613e6f44e40c9d6ca077419":"","disable_featured_image":"no","disable_share_box":"no","disable_header":"no","disable_footer":"no","styles_descriptor":{"styles":{"desktop":"","tablet":"","mobile":""},"google_fonts":[],"version":6}},"_links":{"self":[{"href":"https:\/\/kyrosix.com\/index.php?rest_route=\/wp\/v2\/pages\/751","targetHints":{"allow":["GET"]}}],"collection":[{"href":"https:\/\/kyrosix.com\/index.php?rest_route=\/wp\/v2\/pages"}],"about":[{"href":"https:\/\/kyrosix.com\/index.php?rest_route=\/wp\/v2\/types\/page"}],"author":[{"embeddable":true,"href":"https:\/\/kyrosix.com\/index.php?rest_route=\/wp\/v2\/users\/1"}],"replies":[{"embeddable":true,"href":"https:\/\/kyrosix.com\/index.php?rest_route=%2Fwp%2Fv2%2Fcomments&post=751"}],"version-history":[{"count":111,"href":"https:\/\/kyrosix.com\/index.php?rest_route=\/wp\/v2\/pages\/751\/revisions"}],"predecessor-version":[{"id":1812,"href":"https:\/\/kyrosix.com\/index.php?rest_route=\/wp\/v2\/pages\/751\/revisions\/1812"}],"wp:attachment":[{"href":"https:\/\/kyrosix.com\/index.php?rest_route=%2Fwp%2Fv2%2Fmedia&parent=751"}],"curies":[{"name":"wp","href":"https:\/\/api.w.org\/{rel}","templated":true}]}}