{"id":621,"date":"2022-07-23T09:27:05","date_gmt":"2022-07-23T09:27:05","guid":{"rendered":"https:\/\/startersites.io\/elementor\/home-decor\/?page_id=621"},"modified":"2026-03-10T04:34:20","modified_gmt":"2026-03-10T03:34:20","slug":"about-us","status":"publish","type":"page","link":"https:\/\/kyrosix.com\/?page_id=621","title":{"rendered":"A propos de nous"},"content":{"rendered":"\t\t<div data-elementor-type=\"wp-page\" data-elementor-id=\"621\" class=\"elementor elementor-621\">\n\t\t\t\t<div class=\"elementor-element elementor-element-400e8ce e-flex e-con-boxed e-con e-parent\" data-id=\"400e8ce\" data-element_type=\"container\" data-e-type=\"container\" data-settings=\"{&quot;background_background&quot;:&quot;classic&quot;}\">\n\t\t\t\t\t<div class=\"e-con-inner\">\n\t\t\t\t<div class=\"elementor-element elementor-element-5048b71 elementor-widget elementor-widget-heading\" data-id=\"5048b71\" data-element_type=\"widget\" data-e-type=\"widget\" data-widget_type=\"heading.default\">\n\t\t\t\t\t<h2 class=\"elementor-heading-title elementor-size-default\">\u00c0 propos de Kyrosix<\/h2>\t\t\t\t<\/div>\n\t\t\t\t\t<\/div>\n\t\t\t\t<\/div>\n\t\t<div class=\"elementor-element elementor-element-b25f9ec e-flex e-con-boxed e-con e-parent\" data-id=\"b25f9ec\" data-element_type=\"container\" data-e-type=\"container\">\n\t\t\t\t\t<div class=\"e-con-inner\">\n\t\t<div class=\"elementor-element elementor-element-e402044 e-con-full e-flex e-con e-child\" data-id=\"e402044\" data-element_type=\"container\" data-e-type=\"container\">\n\t\t\t\t<div class=\"elementor-element elementor-element-5680103 elementor-widget elementor-widget-image\" data-id=\"5680103\" data-element_type=\"widget\" data-e-type=\"widget\" data-widget_type=\"image.default\">\n\t\t\t\t\t\t\t\t\t\t\t\t\t\t\t<img fetchpriority=\"high\" decoding=\"async\" width=\"975\" height=\"960\" src=\"https:\/\/kyrosix.com\/wp-content\/uploads\/2022\/04\/about-us-image-1.webp\" class=\"attachment-large size-large wp-image-200\" alt=\"\" srcset=\"https:\/\/kyrosix.com\/wp-content\/uploads\/2022\/04\/about-us-image-1.webp 975w, https:\/\/kyrosix.com\/wp-content\/uploads\/2022\/04\/about-us-image-1-600x591.webp 600w, https:\/\/kyrosix.com\/wp-content\/uploads\/2022\/04\/about-us-image-1-300x295.webp 300w, https:\/\/kyrosix.com\/wp-content\/uploads\/2022\/04\/about-us-image-1-768x756.webp 768w\" sizes=\"(max-width: 975px) 100vw, 975px\" \/>\t\t\t\t\t\t\t\t\t\t\t\t\t\t\t<\/div>\n\t\t\t\t<\/div>\n\t\t<div class=\"elementor-element elementor-element-95fe6f2 e-con-full e-flex e-con e-child\" data-id=\"95fe6f2\" data-element_type=\"container\" data-e-type=\"container\">\n\t\t\t\t<div class=\"elementor-element elementor-element-87c9c1b elementor-widget elementor-widget-heading\" data-id=\"87c9c1b\" data-element_type=\"widget\" data-e-type=\"widget\" data-widget_type=\"heading.default\">\n\t\t\t\t\t<h2 class=\"elementor-heading-title elementor-size-default\">\u00c0 propos de Kyrosix<\/h2>\t\t\t\t<\/div>\n\t\t\t\t<div class=\"elementor-element elementor-element-fc08aa5 elementor-widget elementor-widget-text-editor\" data-id=\"fc08aa5\" data-element_type=\"widget\" data-e-type=\"widget\" data-widget_type=\"text-editor.default\">\n\t\t\t\t\t\t\t\t\t<blockquote data-start=\"452\" data-end=\"659\"><p data-start=\"454\" data-end=\"659\">Kyrosix est un grossiste sp\u00e9cialis\u00e9 en emballage et fournitures textiles destin\u00e9 aux professionnels.<br data-start=\"554\" data-end=\"557\" \/>Nous accompagnons commerces, marques et entreprises dans leurs besoins en approvisionnement en gros.<\/p><\/blockquote>\t\t\t\t\t\t\t\t<\/div>\n\t\t\t\t<div class=\"elementor-element elementor-element-34d9e99 elementor-widget elementor-widget-heading\" data-id=\"34d9e99\" data-element_type=\"widget\" data-e-type=\"widget\" data-widget_type=\"heading.default\">\n\t\t\t\t\t<h5 class=\"elementor-heading-title elementor-size-default\">Mary Ann Stewart<\/h5>\t\t\t\t<\/div>\n\t\t\t\t<div class=\"elementor-element elementor-element-1dc610d elementor-widget elementor-widget-text-editor\" data-id=\"1dc610d\" data-element_type=\"widget\" data-e-type=\"widget\" data-widget_type=\"text-editor.default\">\n\t\t\t\t\t\t\t\t\t<p>CEO, Director<\/p>\t\t\t\t\t\t\t\t<\/div>\n\t\t\t\t<\/div>\n\t\t\t\t\t<\/div>\n\t\t\t\t<\/div>\n\t\t<div class=\"elementor-element elementor-element-630b7cd e-flex e-con-boxed e-con e-parent\" data-id=\"630b7cd\" data-element_type=\"container\" data-e-type=\"container\">\n\t\t\t\t\t<div class=\"e-con-inner\">\n\t\t<div class=\"elementor-element elementor-element-e1caca3 e-con-full e-flex e-con e-child\" data-id=\"e1caca3\" data-element_type=\"container\" data-e-type=\"container\">\n\t\t\t\t<div class=\"elementor-element elementor-element-9393fc4 elementor-widget elementor-widget-heading\" data-id=\"9393fc4\" data-element_type=\"widget\" data-e-type=\"widget\" data-widget_type=\"heading.default\">\n\t\t\t\t\t<h2 class=\"elementor-heading-title elementor-size-default\">Notre mission<\/h2>\t\t\t\t<\/div>\n\t\t\t\t<div class=\"elementor-element elementor-element-d2a0871 elementor-widget elementor-widget-text-editor\" data-id=\"d2a0871\" data-element_type=\"widget\" data-e-type=\"widget\" data-widget_type=\"text-editor.default\">\n\t\t\t\t\t\t\t\t\t<blockquote data-start=\"722\" data-end=\"903\"><p data-start=\"724\" data-end=\"903\">Fournir des solutions fiables, adapt\u00e9es aux volumes professionnels, avec un service clair et personnalis\u00e9.<br data-start=\"830\" data-end=\"833\" \/>Nous privil\u00e9gions la relation commerciale directe et la flexibilit\u00e9.<\/p><\/blockquote>\t\t\t\t\t\t\t\t<\/div>\n\t\t\t\t<\/div>\n\t\t<div class=\"elementor-element elementor-element-fe420a6 e-con-full e-flex e-con e-child\" data-id=\"fe420a6\" data-element_type=\"container\" data-e-type=\"container\">\n\t\t\t\t<div class=\"elementor-element elementor-element-326e43b elementor-widget elementor-widget-image\" data-id=\"326e43b\" data-element_type=\"widget\" data-e-type=\"widget\" data-widget_type=\"image.default\">\n\t\t\t\t\t\t\t\t\t\t\t\t\t\t\t<img decoding=\"async\" width=\"975\" height=\"960\" src=\"https:\/\/kyrosix.com\/wp-content\/uploads\/2022\/04\/about-us-image-2.webp\" class=\"attachment-large size-large wp-image-202\" alt=\"\" srcset=\"https:\/\/kyrosix.com\/wp-content\/uploads\/2022\/04\/about-us-image-2.webp 975w, https:\/\/kyrosix.com\/wp-content\/uploads\/2022\/04\/about-us-image-2-600x591.webp 600w, https:\/\/kyrosix.com\/wp-content\/uploads\/2022\/04\/about-us-image-2-300x295.webp 300w, https:\/\/kyrosix.com\/wp-content\/uploads\/2022\/04\/about-us-image-2-768x756.webp 768w\" sizes=\"(max-width: 975px) 100vw, 975px\" \/>\t\t\t\t\t\t\t\t\t\t\t\t\t\t\t<\/div>\n\t\t\t\t<\/div>\n\t\t\t\t\t<\/div>\n\t\t\t\t<\/div>\n\t\t<div class=\"elementor-element elementor-element-794e2d5 e-flex e-con-boxed e-con e-parent\" data-id=\"794e2d5\" data-element_type=\"container\" data-e-type=\"container\">\n\t\t\t\t\t<div class=\"e-con-inner\">\n\t\t<div class=\"elementor-element elementor-element-f7555fc e-con-full e-flex e-con e-child\" data-id=\"f7555fc\" data-element_type=\"container\" data-e-type=\"container\">\n\t\t\t\t<div class=\"elementor-element elementor-element-3a5bab7 elementor-widget elementor-widget-image\" data-id=\"3a5bab7\" data-element_type=\"widget\" data-e-type=\"widget\" data-widget_type=\"image.default\">\n\t\t\t\t\t\t\t\t\t\t\t\t\t\t\t<img fetchpriority=\"high\" decoding=\"async\" width=\"975\" height=\"960\" src=\"https:\/\/kyrosix.com\/wp-content\/uploads\/2022\/04\/about-us-image-1.webp\" class=\"attachment-large size-large wp-image-200\" alt=\"\" srcset=\"https:\/\/kyrosix.com\/wp-content\/uploads\/2022\/04\/about-us-image-1.webp 975w, https:\/\/kyrosix.com\/wp-content\/uploads\/2022\/04\/about-us-image-1-600x591.webp 600w, https:\/\/kyrosix.com\/wp-content\/uploads\/2022\/04\/about-us-image-1-300x295.webp 300w, https:\/\/kyrosix.com\/wp-content\/uploads\/2022\/04\/about-us-image-1-768x756.webp 768w\" sizes=\"(max-width: 975px) 100vw, 975px\" \/>\t\t\t\t\t\t\t\t\t\t\t\t\t\t\t<\/div>\n\t\t\t\t<\/div>\n\t\t<div class=\"elementor-element elementor-element-5140720 e-con-full e-flex e-con e-child\" data-id=\"5140720\" data-element_type=\"container\" data-e-type=\"container\">\n\t\t\t\t<div class=\"elementor-element elementor-element-38c2fdc elementor-widget elementor-widget-heading\" data-id=\"38c2fdc\" data-element_type=\"widget\" data-e-type=\"widget\" data-widget_type=\"heading.default\">\n\t\t\t\t\t<h2 class=\"elementor-heading-title elementor-size-default\">Notre expertise<\/h2>\t\t\t\t<\/div>\n\t\t\t\t<div class=\"elementor-element elementor-element-97de889 elementor-widget elementor-widget-text-editor\" data-id=\"97de889\" data-element_type=\"widget\" data-e-type=\"widget\" data-widget_type=\"text-editor.default\">\n\t\t\t\t\t\t\t\t\t<blockquote data-start=\"452\" data-end=\"659\"><p data-start=\"454\" data-end=\"659\">Gr\u00e2ce \u00e0 notre connaissance du secteur, nous s\u00e9lectionnons des produits adapt\u00e9s \u00e0 un usage commercial et professionnel.<br data-start=\"1090\" data-end=\"1093\" \/>Kyrosix se positionne comme un partenaire d\u2019approvisionnement, et non comme une simple plateforme de vente.<\/p><\/blockquote>\t\t\t\t\t\t\t\t<\/div>\n\t\t\t\t<\/div>\n\t\t\t\t\t<\/div>\n\t\t\t\t<\/div>\n\t\t<div class=\"elementor-element elementor-element-8a66b98 e-flex e-con-boxed e-con e-parent\" data-id=\"8a66b98\" data-element_type=\"container\" data-e-type=\"container\">\n\t\t\t\t\t<div class=\"e-con-inner\">\n\t\t<div class=\"elementor-element elementor-element-5c4b70c e-con-full e-flex e-con e-child\" data-id=\"5c4b70c\" data-element_type=\"container\" data-e-type=\"container\">\n\t\t\t\t<div class=\"elementor-element elementor-element-c78b741 elementor-widget elementor-widget-heading\" data-id=\"c78b741\" data-element_type=\"widget\" data-e-type=\"widget\" data-widget_type=\"heading.default\">\n\t\t\t\t\t<h2 class=\"elementor-heading-title elementor-size-default\">Nos engagements<\/h2>\t\t\t\t<\/div>\n\t\t\t\t<div class=\"elementor-element elementor-element-6e019e1 elementor-widget elementor-widget-text-editor\" data-id=\"6e019e1\" data-element_type=\"widget\" data-e-type=\"widget\" data-widget_type=\"text-editor.default\">\n\t\t\t\t\t\t\t\t\t<blockquote data-start=\"722\" data-end=\"903\"><ul><li data-start=\"1270\" data-end=\"1292\"><p data-start=\"1272\" data-end=\"1292\">Approche 100 % B2B<\/p><\/li><li data-start=\"1293\" data-end=\"1307\"><p data-start=\"1295\" data-end=\"1307\">R\u00e9activit\u00e9<\/p><\/li><li data-start=\"1308\" data-end=\"1324\"><p data-start=\"1310\" data-end=\"1324\">Transparence<\/p><\/li><li data-start=\"1308\" data-end=\"1324\"><p data-start=\"1310\" data-end=\"1324\"><span style=\"font-family: inherit; font-size: inherit; font-style: inherit; font-variant-ligatures: inherit; font-variant-caps: inherit; font-weight: inherit;\">Relation durable<\/span><\/p><\/li><\/ul><\/blockquote>\t\t\t\t\t\t\t\t<\/div>\n\t\t\t\t<\/div>\n\t\t<div class=\"elementor-element elementor-element-2c8f152 e-con-full e-flex e-con e-child\" data-id=\"2c8f152\" data-element_type=\"container\" data-e-type=\"container\">\n\t\t\t\t<div class=\"elementor-element elementor-element-dff6a43 elementor-widget elementor-widget-image\" data-id=\"dff6a43\" data-element_type=\"widget\" data-e-type=\"widget\" data-widget_type=\"image.default\">\n\t\t\t\t\t\t\t\t\t\t\t\t\t\t\t<img decoding=\"async\" width=\"975\" height=\"960\" src=\"https:\/\/kyrosix.com\/wp-content\/uploads\/2022\/04\/about-us-image-2.webp\" class=\"attachment-large size-large wp-image-202\" alt=\"\" srcset=\"https:\/\/kyrosix.com\/wp-content\/uploads\/2022\/04\/about-us-image-2.webp 975w, https:\/\/kyrosix.com\/wp-content\/uploads\/2022\/04\/about-us-image-2-600x591.webp 600w, https:\/\/kyrosix.com\/wp-content\/uploads\/2022\/04\/about-us-image-2-300x295.webp 300w, https:\/\/kyrosix.com\/wp-content\/uploads\/2022\/04\/about-us-image-2-768x756.webp 768w\" sizes=\"(max-width: 975px) 100vw, 975px\" \/>\t\t\t\t\t\t\t\t\t\t\t\t\t\t\t<\/div>\n\t\t\t\t<\/div>\n\t\t\t\t\t<\/div>\n\t\t\t\t<\/div>\n\t\t<div class=\"elementor-element elementor-element-5d0d6f8 e-flex e-con-boxed e-con e-parent\" data-id=\"5d0d6f8\" data-element_type=\"container\" data-e-type=\"container\">\n\t\t\t\t\t<div class=\"e-con-inner\">\n\t\t<div class=\"elementor-element elementor-element-473e30d e-con-full e-flex e-con e-child\" data-id=\"473e30d\" data-element_type=\"container\" data-e-type=\"container\">\n\t\t\t\t<div class=\"elementor-element elementor-element-886f08b elementor-widget elementor-widget-image\" data-id=\"886f08b\" data-element_type=\"widget\" data-e-type=\"widget\" data-widget_type=\"image.default\">\n\t\t\t\t\t\t\t\t\t\t\t\t\t\t\t<img fetchpriority=\"high\" decoding=\"async\" width=\"975\" height=\"960\" src=\"https:\/\/kyrosix.com\/wp-content\/uploads\/2022\/04\/about-us-image-1.webp\" class=\"attachment-large size-large wp-image-200\" alt=\"\" srcset=\"https:\/\/kyrosix.com\/wp-content\/uploads\/2022\/04\/about-us-image-1.webp 975w, https:\/\/kyrosix.com\/wp-content\/uploads\/2022\/04\/about-us-image-1-600x591.webp 600w, https:\/\/kyrosix.com\/wp-content\/uploads\/2022\/04\/about-us-image-1-300x295.webp 300w, https:\/\/kyrosix.com\/wp-content\/uploads\/2022\/04\/about-us-image-1-768x756.webp 768w\" sizes=\"(max-width: 975px) 100vw, 975px\" \/>\t\t\t\t\t\t\t\t\t\t\t\t\t\t\t<\/div>\n\t\t\t\t<\/div>\n\t\t<div class=\"elementor-element elementor-element-921b076 e-con-full e-flex e-con e-child\" data-id=\"921b076\" data-element_type=\"container\" data-e-type=\"container\">\n\t\t\t\t<div class=\"elementor-element elementor-element-b9dd065 elementor-widget elementor-widget-heading\" data-id=\"b9dd065\" data-element_type=\"widget\" data-e-type=\"widget\" data-widget_type=\"heading.default\">\n\t\t\t\t\t<h2 class=\"elementor-heading-title elementor-size-default\">Travaillons ensemble<\/h2>\t\t\t\t<\/div>\n\t\t\t\t<div class=\"elementor-element elementor-element-ff6c016 elementor-widget elementor-widget-text-editor\" data-id=\"ff6c016\" data-element_type=\"widget\" data-e-type=\"widget\" data-widget_type=\"text-editor.default\">\n\t\t\t\t\t\t\t\t\t<blockquote data-start=\"452\" data-end=\"659\"><p data-start=\"454\" data-end=\"659\">Vous recherchez un fournisseur fiable pour vos emballages ou fournitures textiles ?<br data-start=\"1503\" data-end=\"1506\" \/>Notre \u00e9quipe est \u00e0 votre disposition pour \u00e9tudier vos besoins.<\/p><\/blockquote>\t\t\t\t\t\t\t\t<\/div>\n\t\t\t\t<\/div>\n\t\t\t\t\t<\/div>\n\t\t\t\t<\/div>\n\t\t<div class=\"elementor-element elementor-element-a230494 e-flex e-con-boxed e-con e-parent\" data-id=\"a230494\" data-element_type=\"container\" data-e-type=\"container\">\n\t\t\t\t\t<div class=\"e-con-inner\">\n\t\t\t\t<div class=\"elementor-element elementor-element-35098d6 elementor-widget elementor-widget-heading\" data-id=\"35098d6\" data-element_type=\"widget\" data-e-type=\"widget\" data-widget_type=\"heading.default\">\n\t\t\t\t\t<h2 class=\"elementor-heading-title elementor-size-default\">Notre \u00e9quipes<\/h2>\t\t\t\t<\/div>\n\t\t\t\t\t<\/div>\n\t\t\t\t<\/div>\n\t\t<div class=\"elementor-element elementor-element-29a01b0 e-flex e-con-boxed e-con e-parent\" data-id=\"29a01b0\" data-element_type=\"container\" data-e-type=\"container\">\n\t\t\t\t\t<div class=\"e-con-inner\">\n\t\t<div class=\"elementor-element elementor-element-9db140e e-con-full e-flex e-con e-child\" data-id=\"9db140e\" data-element_type=\"container\" data-e-type=\"container\">\n\t\t\t\t<div class=\"elementor-element elementor-element-5134f5c elementor-position-top elementor-widget elementor-widget-image-box\" data-id=\"5134f5c\" data-element_type=\"widget\" data-e-type=\"widget\" data-widget_type=\"image-box.default\">\n\t\t\t\t\t<div class=\"elementor-image-box-wrapper\"><figure class=\"elementor-image-box-img\"><img decoding=\"async\" width=\"465\" height=\"465\" src=\"https:\/\/kyrosix.com\/wp-content\/uploads\/2022\/04\/team-member-1.webp\" class=\"attachment-full size-full wp-image-204\" alt=\"\" srcset=\"https:\/\/kyrosix.com\/wp-content\/uploads\/2022\/04\/team-member-1.webp 465w, https:\/\/kyrosix.com\/wp-content\/uploads\/2022\/04\/team-member-1-300x300.webp 300w, https:\/\/kyrosix.com\/wp-content\/uploads\/2022\/04\/team-member-1-100x100.webp 100w, https:\/\/kyrosix.com\/wp-content\/uploads\/2022\/04\/team-member-1-150x150.webp 150w\" sizes=\"(max-width: 465px) 100vw, 465px\" \/><\/figure><div class=\"elementor-image-box-content\"><h5 class=\"elementor-image-box-title\">Mary Ann Stewart<\/h5><p class=\"elementor-image-box-description\">CEO, Director<\/p><\/div><\/div>\t\t\t\t<\/div>\n\t\t\t\t<\/div>\n\t\t<div class=\"elementor-element elementor-element-c2389b4 e-con-full e-flex e-con e-child\" data-id=\"c2389b4\" data-element_type=\"container\" data-e-type=\"container\">\n\t\t\t\t<div class=\"elementor-element elementor-element-c44c29d elementor-position-top elementor-widget elementor-widget-image-box\" data-id=\"c44c29d\" data-element_type=\"widget\" data-e-type=\"widget\" data-widget_type=\"image-box.default\">\n\t\t\t\t\t<div class=\"elementor-image-box-wrapper\"><figure class=\"elementor-image-box-img\"><img loading=\"lazy\" decoding=\"async\" width=\"463\" height=\"465\" src=\"https:\/\/kyrosix.com\/wp-content\/uploads\/2022\/04\/team-member-2.webp\" class=\"attachment-full size-full wp-image-207\" alt=\"\" srcset=\"https:\/\/kyrosix.com\/wp-content\/uploads\/2022\/04\/team-member-2.webp 463w, https:\/\/kyrosix.com\/wp-content\/uploads\/2022\/04\/team-member-2-300x300.webp 300w, https:\/\/kyrosix.com\/wp-content\/uploads\/2022\/04\/team-member-2-100x100.webp 100w, https:\/\/kyrosix.com\/wp-content\/uploads\/2022\/04\/team-member-2-150x150.webp 150w\" sizes=\"(max-width: 463px) 100vw, 463px\" \/><\/figure><div class=\"elementor-image-box-content\"><h5 class=\"elementor-image-box-title\">Mary Ann Stewart<\/h5><p class=\"elementor-image-box-description\">Ventes<\/p><\/div><\/div>\t\t\t\t<\/div>\n\t\t\t\t<\/div>\n\t\t\t\t\t<\/div>\n\t\t\t\t<\/div>\n\t\t\t\t<\/div>\n\t\t","protected":false},"excerpt":{"rendered":"<p>\u00c0 propos de Kyrosix \u00c0 propos de Kyrosix Kyrosix est un grossiste sp\u00e9cialis\u00e9 en emballage et fournitures textiles destin\u00e9 aux professionnels.Nous accompagnons commerces, marques et entreprises dans leurs besoins en approvisionnement en gros. Mary Ann Stewart CEO, Director Notre mission Fournir des solutions fiables, adapt\u00e9es aux volumes professionnels, avec un service clair et personnalis\u00e9.Nous privil\u00e9gions [&hellip;]<\/p>\n","protected":false},"author":1,"featured_media":0,"parent":0,"menu_order":0,"comment_status":"closed","ping_status":"closed","template":"","meta":{"footnotes":""},"class_list":["post-621","page","type-page","status-publish","hentry"],"blocksy_meta":{"page_title_panel":"","has_hero_section":"disabled","9a35d6300724d16f2d55836fdfcabdd7":"","hero_section":"type-1","hero_elements":[{"id":"custom_title","enabled":true,"heading_tag":"h1","title":"Home"},{"id":"custom_description","enabled":true,"description_visibility":{"desktop":true,"tablet":true,"mobile":false}},{"id":"custom_meta","enabled":false,"meta_elements":[{"id":"author","enabled":true,"label":"By","has_author_avatar":"yes","avatar_size":25},{"id":"post_date","enabled":true,"label":"On","date_format_source":"default","date_format":"M j, Y"},{"id":"updated_date","enabled":false,"label":"On","date_format_source":"default","date_format":"M j, Y"},{"id":"categories","enabled":false,"label":"In","style":"simple"},{"id":"comments","enabled":true}],"page_meta_elements":{"joined":true,"articles_count":true,"comments":true}},{"id":"breadcrumbs","enabled":false}],"5c6d2da6ec2cfc663e8d775d2f1ec022":"","hero_alignment1":"CT_CSS_SKIP_RULE","hero_margin":40,"hero_alignment2":"center","hero_vertical_alignment":"center","2b0af914513f89fb5edb12545f1745bc":"","hero_structure":"narrow","2b28b839438a7f2f102fcc06823e4a11":"","page_title_bg_type":"featured_image","custom_hero_background":{"attachment_id":null},"page_title_image_size":"full","parallax":{"desktop":false,"tablet":false,"mobile":false},"82838db4e129e7d0a64b41af777b79e9":"","hero_height":"250px","pageTitleFont":{"family":"Default","variation":"Default","size":"30px","line-height":"CT_CSS_SKIP_RULE","letter-spacing":"CT_CSS_SKIP_RULE","text-transform":"CT_CSS_SKIP_RULE","text-decoration":"CT_CSS_SKIP_RULE"},"pageTitleFontColor":{"default":{"color":"CT_CSS_SKIP_RULEDEFAULT"}},"pageMetaFont":{"family":"Default","variation":"n6","size":"12px","line-height":"1.3","letter-spacing":"CT_CSS_SKIP_RULE","text-transform":"uppercase","text-decoration":"CT_CSS_SKIP_RULE"},"pageMetaFontColor":{"default":{"color":"CT_CSS_SKIP_RULEDEFAULT"},"hover":{"color":"CT_CSS_SKIP_RULEDEFAULT"}},"page_meta_button_type_font_colors":{"default":{"color":"CT_CSS_SKIP_RULEDEFAULT"},"hover":{"color":"CT_CSS_SKIP_RULEDEFAULT"}},"page_meta_button_type_background_colors":{"default":{"color":"CT_CSS_SKIP_RULEDEFAULT"},"hover":{"color":"CT_CSS_SKIP_RULEDEFAULT"}},"pageExcerptFont":{"family":"Default","variation":"Default","size":"CT_CSS_SKIP_RULE","line-height":"CT_CSS_SKIP_RULE","letter-spacing":"CT_CSS_SKIP_RULE","text-transform":"CT_CSS_SKIP_RULE","text-decoration":"CT_CSS_SKIP_RULE"},"pageExcerptColor":{"default":{"color":"CT_CSS_SKIP_RULEDEFAULT"}},"breadcrumbsFont":{"family":"Default","variation":"Default","size":"CT_CSS_SKIP_RULE","line-height":"CT_CSS_SKIP_RULE","letter-spacing":"CT_CSS_SKIP_RULE","text-transform":"CT_CSS_SKIP_RULE","text-decoration":"CT_CSS_SKIP_RULE"},"breadcrumbsFontColor":{"default":{"color":"CT_CSS_SKIP_RULEDEFAULT"},"initial":{"color":"CT_CSS_SKIP_RULEDEFAULT"},"hover":{"color":"CT_CSS_SKIP_RULEDEFAULT"}},"pageTitleOverlay":{"background_type":"color","background_pattern":"type-1","background_image":{"attachment_id":null,"x":0,"y":0},"gradient":"linear-gradient(135deg,rgba(6,147,227,1) 0%,rgb(155,81,224) 100%)","background_repeat":"repeat","background_size":"auto","background_attachment":"scroll","patternColor":{"default":{"color":"#e5e7ea"}},"overlayColor":{"default":{"color":"CT_CSS_SKIP_RULE"}},"backgroundColor":{"default":{"color":"CT_CSS_SKIP_RULE"}}},"pageTitleBackground":{"background_type":"color","background_pattern":"type-1","background_image":{"attachment_id":null,"x":0,"y":0},"gradient":"linear-gradient(135deg,rgba(6,147,227,1) 0%,rgb(155,81,224) 100%)","background_repeat":"repeat","background_size":"auto","background_attachment":"scroll","patternColor":{"default":{"color":"#e5e7ea"}},"overlayColor":{"default":{"color":"CT_CSS_SKIP_RULE"}},"backgroundColor":{"default":{"color":"var(--theme-palette-color-6)"}}},"pageTitlePadding":{"top":"50px","bottom":"50px","left":"auto","right":"auto","linked":true},"ba52867089f8f665796409cb04f7f4ce":"","page_structure_type":"default","cf1e421ad4816a22f38e0fbf52eee9cf":"","content_style_source":"inherit","content_style":"wide","vertical_spacing_source":"custom","content_area_spacing":"none","background":{"background_type":"color","background_pattern":"type-1","background_image":{"attachment_id":null,"x":0,"y":0},"gradient":"linear-gradient(135deg,rgba(6,147,227,1) 0%,rgb(155,81,224) 100%)","background_repeat":"repeat","background_size":"auto","background_attachment":"scroll","patternColor":{"default":{"color":"#e5e7ea"}},"overlayColor":{"default":{"color":"CT_CSS_SKIP_RULE"}},"backgroundColor":{"default":{"color":"CT_CSS_SKIP_RULE"}}},"content_background":{"background_type":"color","background_pattern":"type-1","background_image":{"attachment_id":null,"x":0,"y":0},"gradient":"linear-gradient(135deg,rgba(6,147,227,1) 0%,rgb(155,81,224) 100%)","background_repeat":"repeat","background_size":"auto","background_attachment":"scroll","patternColor":{"default":{"color":"#e5e7ea"}},"overlayColor":{"default":{"color":"CT_CSS_SKIP_RULE"}},"backgroundColor":{"default":{"color":"var(--theme-palette-color-8)"}}},"content_boxed_shadow":{"inherit":false,"blur":18,"spread":-6,"v_offset":12,"h_offset":0,"inset":false,"enable":true,"color":{"color":"rgba(34, 56, 101, 0.04)"}},"content_boxed_border":{"width":1,"style":"none","color":{"color":"rgba(44,62,80,0.2)"}},"content_boxed_radius":{"top":"3px","bottom":"3px","left":"3px","right":"3px","linked":true},"boxed_content_spacing":{"desktop":{"top":"40px","bottom":"40px","left":"40px","right":"40px","linked":true},"tablet":{"top":"35px","bottom":"35px","left":"35px","right":"35px","linked":true},"mobile":{"top":"20px","bottom":"20px","left":"20px","right":"20px","linked":true}},"48f25a16c1e7bd1af600f8aace204912":"","disable_featured_image":"no","disable_share_box":"no","disable_header":"no","disable_footer":"no","styles_descriptor":{"styles":{"desktop":"","tablet":"","mobile":""},"google_fonts":[],"version":6}},"_links":{"self":[{"href":"https:\/\/kyrosix.com\/index.php?rest_route=\/wp\/v2\/pages\/621","targetHints":{"allow":["GET"]}}],"collection":[{"href":"https:\/\/kyrosix.com\/index.php?rest_route=\/wp\/v2\/pages"}],"about":[{"href":"https:\/\/kyrosix.com\/index.php?rest_route=\/wp\/v2\/types\/page"}],"author":[{"embeddable":true,"href":"https:\/\/kyrosix.com\/index.php?rest_route=\/wp\/v2\/users\/1"}],"replies":[{"embeddable":true,"href":"https:\/\/kyrosix.com\/index.php?rest_route=%2Fwp%2Fv2%2Fcomments&post=621"}],"version-history":[{"count":22,"href":"https:\/\/kyrosix.com\/index.php?rest_route=\/wp\/v2\/pages\/621\/revisions"}],"predecessor-version":[{"id":1868,"href":"https:\/\/kyrosix.com\/index.php?rest_route=\/wp\/v2\/pages\/621\/revisions\/1868"}],"wp:attachment":[{"href":"https:\/\/kyrosix.com\/index.php?rest_route=%2Fwp%2Fv2%2Fmedia&parent=621"}],"curies":[{"name":"wp","href":"https:\/\/api.w.org\/{rel}","templated":true}]}}